{"id":56,"date":"2024-03-31T15:07:26","date_gmt":"2024-03-31T13:07:26","guid":{"rendered":"https:\/\/www.marsavrilmai.com\/?page_id=56"},"modified":"2025-03-19T13:06:10","modified_gmt":"2025-03-19T12:06:10","slug":"nos-projets","status":"publish","type":"page","link":"https:\/\/www.marsavrilmai.com\/index.php\/nos-projets\/","title":{"rendered":"MUSIC"},"content":{"rendered":"\n<hr class=\"wp-block-separator alignwide has-alpha-channel-opacity is-style-wide\"\/>\n\n\n\n<figure class=\"wp-block-embed is-type-video is-provider-youtube wp-block-embed-youtube wp-embed-aspect-16-9 wp-has-aspect-ratio\"><div class=\"wp-block-embed__wrapper\">\n<iframe loading=\"lazy\" title=\"TWO BIRDS - Berlin Dreams EP by Julian.k\" width=\"950\" height=\"534\" src=\"https:\/\/www.youtube.com\/embed\/xpFaiDoLsYs?feature=oembed\" frameborder=\"0\" allow=\"accelerometer; autoplay; clipboard-write; encrypted-media; gyroscope; picture-in-picture; web-share\" referrerpolicy=\"strict-origin-when-cross-origin\" allowfullscreen><\/iframe>\n<\/div><\/figure>\n\n\n\n<p class=\"has-text-align-center\"><strong>JULIAN .K &#8211; Two Birds<\/strong><\/p>\n\n\n\n<p class=\"has-text-align-center\">R\u00e9alis\u00e9 par Lucy-Blue Ferry et J\u00e9r\u00e9my Mazza<\/p>\n\n\n\n<hr class=\"wp-block-separator has-alpha-channel-opacity is-style-wide\"\/>\n\n\n\n<div class=\"wp-block-columns is-layout-flex wp-container-core-columns-is-layout-28f84493 wp-block-columns-is-layout-flex\">\n<div class=\"wp-block-column is-layout-flow wp-block-column-is-layout-flow\">\n<figure class=\"wp-block-video\"><video height=\"1920\" style=\"aspect-ratio: 1080 \/ 1920;\" width=\"1080\" controls src=\"https:\/\/www.marsavrilmai.com\/wp-content\/uploads\/2024\/04\/TWO-BIRDS-REEL-1BIS.mp4\"><\/video><\/figure>\n<\/div>\n\n\n\n<div class=\"wp-block-column is-layout-flow wp-block-column-is-layout-flow\">\n<figure class=\"wp-block-video\"><video height=\"1920\" style=\"aspect-ratio: 1080 \/ 1920;\" width=\"1080\" controls src=\"http:\/\/www.marsavrilmai.com\/wp-content\/uploads\/2024\/04\/YOUR-WAY-REEL-2.mp4\"><\/video><\/figure>\n<\/div>\n\n\n\n<div class=\"wp-block-column is-layout-flow wp-block-column-is-layout-flow\">\n<figure class=\"wp-block-video\"><video height=\"1920\" style=\"aspect-ratio: 1080 \/ 1920;\" width=\"1080\" controls src=\"https:\/\/www.marsavrilmai.com\/wp-content\/uploads\/2024\/04\/CANT-STOP-REEL-4.mp4\"><\/video><\/figure>\n<\/div>\n<\/div>\n\n\n<p style=\"text-align: center;\"><strong>Campagne de communication pour la sortie de l&rsquo;EP de JULIAN. K &#8211; Berlin Dreams<\/strong><\/p>\n<p style=\"text-align: center;\">R\u00e9alis\u00e9 par Lucy-Blue Ferry &amp; J\u00e9r\u00e9my Mazza<\/p>\n\n\n<hr class=\"wp-block-separator has-alpha-channel-opacity is-style-wide\"\/>\n\n\n\n<p><\/p>\n\n\n\n<figure class=\"wp-block-embed is-type-video is-provider-youtube wp-block-embed-youtube wp-embed-aspect-16-9 wp-has-aspect-ratio\"><div class=\"wp-block-embed__wrapper\">\n<iframe loading=\"lazy\" title=\"Ta\u00efro x F\u00e9f\u00e9 x Flavia Coelho x Tiken Jah Fakoly x YaniSs Odua - Juste Un Peu d&#039;Amour\" width=\"950\" height=\"534\" src=\"https:\/\/www.youtube.com\/embed\/Vxx1_3SCBEQ?feature=oembed\" frameborder=\"0\" allow=\"accelerometer; autoplay; clipboard-write; encrypted-media; gyroscope; picture-in-picture; web-share\" referrerpolicy=\"strict-origin-when-cross-origin\" allowfullscreen><\/iframe>\n<\/div><\/figure>\n\n\n<h3 class=\"style-scope ytd-watch-metadata\" style=\"text-align: center;\">TA\u00cfRO x F\u00c9F\u00c9 x FLAVIA COELHO x TIKEN JAH FAKOLY x YANISS ODUA &#8211; Juste un peu d&rsquo;amour<\/h3>\n<p style=\"text-align: center;\">R\u00e9alis\u00e9 par J\u00e9r\u00e9my Mazza<\/p>\n<p style=\"text-align: center;\">Label Puerta Nova<\/p>\n\n\n<hr class=\"wp-block-separator has-alpha-channel-opacity is-style-wide\"\/>\n\n\n\n<p><\/p>\n\n\n\n<figure class=\"wp-block-embed is-type-video is-provider-youtube wp-block-embed-youtube wp-embed-aspect-16-9 wp-has-aspect-ratio\"><div class=\"wp-block-embed__wrapper\">\n<iframe loading=\"lazy\" title=\"Skarra Mucci - Roots Rock Reggae Ft. Yaniss Odua (Official Video)\" width=\"950\" height=\"534\" src=\"https:\/\/www.youtube.com\/embed\/zS2yZYuCpc0?feature=oembed\" frameborder=\"0\" allow=\"accelerometer; autoplay; clipboard-write; encrypted-media; gyroscope; picture-in-picture; web-share\" referrerpolicy=\"strict-origin-when-cross-origin\" allowfullscreen><\/iframe>\n<\/div><\/figure>\n\n\n<h3 class=\"style-scope ytd-watch-metadata\" style=\"text-align: center;\">Skarra Mucci Ft. Yaniss Odua &#8211; Roots Rock Reggae<\/h3>\n<p style=\"text-align: center;\">R\u00e9alis\u00e9 par J\u00e9r\u00e9my Mazza<\/p>\n<p style=\"text-align: center;\">Label X-RAY Production<\/p>\n\n\n<hr class=\"wp-block-separator has-alpha-channel-opacity is-style-wide\"\/>\n\n\n\n<p><\/p>\n\n\n\n<figure class=\"wp-block-embed is-type-video is-provider-youtube wp-block-embed-youtube wp-embed-aspect-16-9 wp-has-aspect-ratio\"><div class=\"wp-block-embed__wrapper\">\n<iframe loading=\"lazy\" title=\"John Lord Fonda feat. Gabriel Afathi - Together Again (official video)\" width=\"950\" height=\"534\" src=\"https:\/\/www.youtube.com\/embed\/P1YbdwtAyRs?feature=oembed\" frameborder=\"0\" allow=\"accelerometer; autoplay; clipboard-write; encrypted-media; gyroscope; picture-in-picture; web-share\" referrerpolicy=\"strict-origin-when-cross-origin\" allowfullscreen><\/iframe>\n<\/div><\/figure>\n\n\n<h3 class=\"style-scope ytd-watch-metadata\" style=\"text-align: center;\">John Lord Fonda feat. Gabriel Afathi &#8211; Together Again<\/h3>\n<p style=\"text-align: center;\">R\u00e9alis\u00e9 par Rapha\u00ebl BLuzet<\/p>\n<p style=\"text-align: center;\">Label Citizen Records<\/p>\n\n\n<hr class=\"wp-block-separator has-alpha-channel-opacity is-style-wide\"\/>\n\n\n\n<p><\/p>\n\n\n\n<p><\/p>\n","protected":false},"excerpt":{"rendered":"<p>JULIAN .K &#8211; Two Birds R\u00e9alis\u00e9 par Lucy-Blue Ferry et J\u00e9r\u00e9my Mazza Campagne de communication pour la sortie de l&rsquo;EP de JULIAN. K &#8211; Berlin Dreams R\u00e9alis\u00e9 par Lucy-Blue Ferry &amp; J\u00e9r\u00e9my Mazza TA\u00cfRO x F\u00c9F\u00c9 x FLAVIA COELHO x TIKEN JAH FAKOLY x YANISS ODUA &#8211; Juste un peu d&rsquo;amour R\u00e9alis\u00e9 par J\u00e9r\u00e9my Mazza &hellip; <\/p>\n<p class=\"link-more\"><a href=\"https:\/\/www.marsavrilmai.com\/index.php\/nos-projets\/\" class=\"more-link\">Lire la suite de<span class=\"screen-reader-text\">\u00ab\u00a0MUSIC\u00a0\u00bb<\/span><\/a><\/p>\n","protected":false},"author":1,"featured_media":0,"parent":0,"menu_order":0,"comment_status":"closed","ping_status":"closed","template":"","meta":{"footnotes":""},"class_list":["post-56","page","type-page","status-publish","hentry"],"featured_media_urls":[],"_links":{"self":[{"href":"https:\/\/www.marsavrilmai.com\/index.php\/wp-json\/wp\/v2\/pages\/56","targetHints":{"allow":["GET"]}}],"collection":[{"href":"https:\/\/www.marsavrilmai.com\/index.php\/wp-json\/wp\/v2\/pages"}],"about":[{"href":"https:\/\/www.marsavrilmai.com\/index.php\/wp-json\/wp\/v2\/types\/page"}],"author":[{"embeddable":true,"href":"https:\/\/www.marsavrilmai.com\/index.php\/wp-json\/wp\/v2\/users\/1"}],"replies":[{"embeddable":true,"href":"https:\/\/www.marsavrilmai.com\/index.php\/wp-json\/wp\/v2\/comments?post=56"}],"version-history":[{"count":19,"href":"https:\/\/www.marsavrilmai.com\/index.php\/wp-json\/wp\/v2\/pages\/56\/revisions"}],"predecessor-version":[{"id":294,"href":"https:\/\/www.marsavrilmai.com\/index.php\/wp-json\/wp\/v2\/pages\/56\/revisions\/294"}],"wp:attachment":[{"href":"https:\/\/www.marsavrilmai.com\/index.php\/wp-json\/wp\/v2\/media?parent=56"}],"curies":[{"name":"wp","href":"https:\/\/api.w.org\/{rel}","templated":true}]}}