{"id":71,"date":"2024-03-31T15:20:08","date_gmt":"2024-03-31T13:20:08","guid":{"rendered":"https:\/\/www.marsavrilmai.com\/?page_id=71"},"modified":"2025-03-12T17:58:25","modified_gmt":"2025-03-12T16:58:25","slug":"corporate","status":"publish","type":"page","link":"https:\/\/www.marsavrilmai.com\/index.php\/corporate\/","title":{"rendered":"EVENTS \/ CORPORATE \/ COMMUNICATION"},"content":{"rendered":"\n<div class=\"wp-block-group has-global-padding is-layout-constrained wp-block-group-is-layout-constrained\">\n<h2 class=\"wp-block-heading has-large-font-size\" id=\"inspiro-is-a-digital-product-agency-that-focuses-on-strategy-and-design\" style=\"font-style:normal;font-weight:100\"><strong>MARS AVRIL MAI PRODUCTION<\/strong> \u00c0 VOS C\u00d4T\u00c9S POUR METTRE EN IMAGE TOUS VOS PROJETS <\/h2>\n\n\n\n<p>Vid\u00e9os promotionnelles, concerts, publicit\u00e9s, captation d&rsquo;\u00e9v\u00e8nements, institutionnel, interviews, teasers, after-movies, reportages, portraits&#8230;<\/p>\n\n\n\n<p>D\u00e9couvrez nos diff\u00e9rents services pour le Web, les R\u00e9seaux Sociaux ou la TV <\/p>\n\n\n\n<div style=\"height:54px\" aria-hidden=\"true\" class=\"wp-block-spacer\"><\/div>\n\n\n\n<div class=\"wp-block-columns is-layout-flex wp-container-core-columns-is-layout-28f84493 wp-block-columns-is-layout-flex\">\n<div class=\"wp-block-column is-layout-flow wp-block-column-is-layout-flow\">\n<figure class=\"wp-block-image size-large is-resized\"><img loading=\"lazy\" decoding=\"async\" width=\"1024\" height=\"1024\" src=\"https:\/\/www.marsavrilmai.com\/wp-content\/uploads\/2024\/04\/HipstamaticPhoto-708939018.417027-1024x1024.jpg\" alt=\"\" class=\"wp-image-201\" style=\"object-fit:cover;width:366px;height:246px\" srcset=\"https:\/\/www.marsavrilmai.com\/wp-content\/uploads\/2024\/04\/HipstamaticPhoto-708939018.417027-1024x1024.jpg 1024w, https:\/\/www.marsavrilmai.com\/wp-content\/uploads\/2024\/04\/HipstamaticPhoto-708939018.417027-300x300.jpg 300w, https:\/\/www.marsavrilmai.com\/wp-content\/uploads\/2024\/04\/HipstamaticPhoto-708939018.417027-150x150.jpg 150w, https:\/\/www.marsavrilmai.com\/wp-content\/uploads\/2024\/04\/HipstamaticPhoto-708939018.417027-2000x2000.jpg 2000w\" sizes=\"auto, (max-width: 1024px) 100vw, 1024px\" \/><\/figure>\n\n\n\n<h3 class=\"wp-block-heading has-black-color has-text-color has-medium-font-size\"><strong>Une \u00e9quipe adapt\u00e9e<\/strong><\/h3>\n\n\n\n<p class=\"has-text-color\" style=\"color:#7a7a7a\">Notre \u00e9quipe de professionnels s&rsquo;adapte \u00e0 tous vos projets vid\u00e9o ou photo et \u00e0 tous les budgets, partout en France. Avec notre unit\u00e9 de tournage image et son, nous pouvons m\u00eame r\u00e9pondre \u00e0 des besoins de derni\u00e8re minute. <\/p>\n<\/div>\n\n\n\n<div class=\"wp-block-column is-layout-flow wp-block-column-is-layout-flow\">\n<figure class=\"wp-block-image size-large is-resized\"><img loading=\"lazy\" decoding=\"async\" width=\"1024\" height=\"683\" src=\"https:\/\/www.marsavrilmai.com\/wp-content\/uploads\/2024\/04\/10A9819-1024x683.jpg\" alt=\"\" class=\"wp-image-200\" style=\"object-fit:cover;width:366px;height:246px\" srcset=\"https:\/\/www.marsavrilmai.com\/wp-content\/uploads\/2024\/04\/10A9819-1024x683.jpg 1024w, https:\/\/www.marsavrilmai.com\/wp-content\/uploads\/2024\/04\/10A9819-300x200.jpg 300w, https:\/\/www.marsavrilmai.com\/wp-content\/uploads\/2024\/04\/10A9819-2000x1333.jpg 2000w\" sizes=\"auto, (max-width: 1024px) 100vw, 1024px\" \/><\/figure>\n\n\n\n<h3 class=\"wp-block-heading has-black-color has-text-color has-medium-font-size\"><strong>Un regard<\/strong><\/h3>\n\n\n\n<p class=\"has-text-color\" style=\"color:#7a7a7a\">Nous travaillons ensemble \u00e0 comprendre votre philosophie, votre marque, votre projet et y apportons notre savoir-faire cin\u00e9matographique.  <\/p>\n\n\n\n<p class=\"has-text-color\" style=\"color:#7a7a7a\">Vous \u00e9couter est notre priorit\u00e9 <\/p>\n<\/div>\n\n\n\n<div class=\"wp-block-column is-layout-flow wp-block-column-is-layout-flow\">\n<figure class=\"wp-block-image size-large is-resized\"><img loading=\"lazy\" decoding=\"async\" width=\"1024\" height=\"768\" src=\"https:\/\/www.marsavrilmai.com\/wp-content\/uploads\/2024\/04\/IMG_4035-1024x768.jpg\" alt=\"\" class=\"wp-image-203\" style=\"object-fit:cover;width:366px;height:246px\" srcset=\"https:\/\/www.marsavrilmai.com\/wp-content\/uploads\/2024\/04\/IMG_4035-1024x768.jpg 1024w, https:\/\/www.marsavrilmai.com\/wp-content\/uploads\/2024\/04\/IMG_4035-300x225.jpg 300w, https:\/\/www.marsavrilmai.com\/wp-content\/uploads\/2024\/04\/IMG_4035-2000x1500.jpg 2000w\" sizes=\"auto, (max-width: 1024px) 100vw, 1024px\" \/><\/figure>\n\n\n\n<h3 class=\"wp-block-heading has-black-color has-text-color has-medium-font-size\">Une s\u00e9r\u00e9nit\u00e9 <\/h3>\n\n\n\n<p class=\"has-text-color\" style=\"color:#7a7a7a\">De la cr\u00e9ation \u00e0 la livraison, nous nous engageons dans toute les \u00e9tapes de la fabrication de votre vid\u00e9o. Votre projet \u00e9volue en cours de route ? Nous nous adaptons !<\/p>\n\n\n\n<p class=\"has-text-color\" style=\"color:#7a7a7a\">Votre image est la notre. <\/p>\n<\/div>\n<\/div>\n\n\n\n<div style=\"height:100px\" aria-hidden=\"true\" class=\"wp-block-spacer\"><\/div>\n\n\n\n<h3 class=\"wp-block-heading has-large-font-size\" id=\"inspiro-is-a-digital-product-agency-that-focuses-on-strategy-and-desig\" style=\"font-style:normal;font-weight:300\"><strong>Nos derni\u00e8res prestations<\/strong><\/h3>\n\n\n\n<div class=\"wp-block-columns is-layout-flex wp-container-core-columns-is-layout-28f84493 wp-block-columns-is-layout-flex\">\n<div class=\"wp-block-column is-layout-flow wp-block-column-is-layout-flow\" style=\"flex-basis:100%\">\n<div class=\"wp-block-columns is-layout-flex wp-container-core-columns-is-layout-28f84493 wp-block-columns-is-layout-flex\">\n<div class=\"wp-block-column is-layout-flow wp-block-column-is-layout-flow\" style=\"flex-basis:100%\"><\/div>\n<\/div>\n<\/div>\n<\/div>\n\n\n\n<div style=\"height:28px\" aria-hidden=\"true\" class=\"wp-block-spacer\"><\/div>\n<\/div>\n\n\n\n<div class=\"wp-block-columns is-layout-flex wp-container-core-columns-is-layout-28f84493 wp-block-columns-is-layout-flex\">\n<div class=\"wp-block-column is-layout-flow wp-block-column-is-layout-flow\" style=\"flex-basis:25%\"><\/div>\n\n\n\n<div class=\"wp-block-column is-layout-flow wp-block-column-is-layout-flow\" style=\"flex-basis:50%\"><\/div>\n\n\n\n<div class=\"wp-block-column is-layout-flow wp-block-column-is-layout-flow\" style=\"flex-basis:25%\"><\/div>\n<\/div>\n\n\n\n<h3 class=\"wp-block-heading has-large-font-size\"><strong>Ils nous font confiance<\/strong><\/h3>\n\n\n\n<div class=\"wp-block-group alignfull has-background-background-color has-background has-global-padding is-layout-constrained wp-block-group-is-layout-constrained\" style=\"padding-top:var(--wp--preset--spacing--medium);padding-bottom:var(--wp--preset--spacing--medium)\">\n<div class=\"wp-block-columns are-vertically-aligned-center is-layout-flex wp-container-core-columns-is-layout-28f84493 wp-block-columns-is-layout-flex\">\n<div class=\"wp-block-column is-layout-flow wp-block-column-is-layout-flow\">\n<figure class=\"wp-block-image size-large is-resized\"><img loading=\"lazy\" decoding=\"async\" width=\"1024\" height=\"831\" src=\"https:\/\/www.marsavrilmai.com\/wp-content\/uploads\/2024\/04\/Ministere_de_la_Justice.svg_-1024x831.png\" alt=\"\" class=\"wp-image-214\" style=\"width:181px;height:auto\" srcset=\"https:\/\/www.marsavrilmai.com\/wp-content\/uploads\/2024\/04\/Ministere_de_la_Justice.svg_-1024x831.png 1024w, https:\/\/www.marsavrilmai.com\/wp-content\/uploads\/2024\/04\/Ministere_de_la_Justice.svg_-300x244.png 300w, https:\/\/www.marsavrilmai.com\/wp-content\/uploads\/2024\/04\/Ministere_de_la_Justice.svg_.png 1200w\" sizes=\"auto, (max-width: 1024px) 100vw, 1024px\" \/><\/figure>\n<\/div>\n\n\n\n<div class=\"wp-block-column is-layout-flow wp-block-column-is-layout-flow\" style=\"padding-top:var(--wp--preset--spacing--small);padding-bottom:var(--wp--preset--spacing--small)\">\n<figure class=\"wp-block-image size-medium is-resized\"><img loading=\"lazy\" decoding=\"async\" width=\"300\" height=\"80\" src=\"https:\/\/www.marsavrilmai.com\/wp-content\/uploads\/2024\/04\/lamiel-logo-1-300x80.png\" alt=\"\" class=\"wp-image-218\" style=\"width:174px;height:auto\" srcset=\"https:\/\/www.marsavrilmai.com\/wp-content\/uploads\/2024\/04\/lamiel-logo-1-300x80.png 300w, https:\/\/www.marsavrilmai.com\/wp-content\/uploads\/2024\/04\/lamiel-logo-1.png 800w\" sizes=\"auto, (max-width: 300px) 100vw, 300px\" \/><\/figure>\n<\/div>\n\n\n\n<div class=\"wp-block-column is-layout-flow wp-block-column-is-layout-flow\">\n<figure class=\"wp-block-image size-full\"><img loading=\"lazy\" decoding=\"async\" width=\"300\" height=\"237\" src=\"http:\/\/www.marsavrilmai.com\/wp-content\/uploads\/2024\/04\/Secours_populaire_francais-logo-781C93BCEF-seeklogo.com_.png\" alt=\"\" class=\"wp-image-212\"\/><\/figure>\n<\/div>\n\n\n\n<div class=\"wp-block-column is-layout-flow wp-block-column-is-layout-flow\" style=\"padding-top:var(--wp--preset--spacing--small);padding-bottom:var(--wp--preset--spacing--small)\">\n<figure class=\"wp-block-image size-full\"><img loading=\"lazy\" decoding=\"async\" width=\"824\" height=\"153\" src=\"http:\/\/www.marsavrilmai.com\/wp-content\/uploads\/2024\/04\/image-1.jpg\" alt=\"\" class=\"wp-image-220\" srcset=\"https:\/\/www.marsavrilmai.com\/wp-content\/uploads\/2024\/04\/image-1.jpg 824w, https:\/\/www.marsavrilmai.com\/wp-content\/uploads\/2024\/04\/image-1-300x56.jpg 300w\" sizes=\"auto, (max-width: 824px) 100vw, 824px\" \/><\/figure>\n<\/div>\n\n\n\n<div class=\"wp-block-column is-layout-flow wp-block-column-is-layout-flow\" style=\"padding-top:0;padding-bottom:0\">\n<figure class=\"wp-block-image size-large is-resized\"><img loading=\"lazy\" decoding=\"async\" width=\"1024\" height=\"1014\" src=\"https:\/\/www.marsavrilmai.com\/wp-content\/uploads\/2024\/04\/logo-Egalipro-RVB-1-1024x1014.jpg\" alt=\"\" class=\"wp-image-213\" style=\"width:133px;height:auto\" srcset=\"https:\/\/www.marsavrilmai.com\/wp-content\/uploads\/2024\/04\/logo-Egalipro-RVB-1-1024x1014.jpg 1024w, https:\/\/www.marsavrilmai.com\/wp-content\/uploads\/2024\/04\/logo-Egalipro-RVB-1-300x297.jpg 300w, https:\/\/www.marsavrilmai.com\/wp-content\/uploads\/2024\/04\/logo-Egalipro-RVB-1-150x150.jpg 150w, https:\/\/www.marsavrilmai.com\/wp-content\/uploads\/2024\/04\/logo-Egalipro-RVB-1.jpg 1566w\" sizes=\"auto, (max-width: 1024px) 100vw, 1024px\" \/><\/figure>\n<\/div>\n\n\n\n<div class=\"wp-block-column is-layout-flow wp-block-column-is-layout-flow\" style=\"padding-top:var(--wp--preset--spacing--x-small);padding-bottom:var(--wp--preset--spacing--x-small)\">\n<figure class=\"wp-block-image size-medium is-resized\"><img loading=\"lazy\" decoding=\"async\" width=\"300\" height=\"138\" src=\"https:\/\/www.marsavrilmai.com\/wp-content\/uploads\/2024\/04\/frcidff-300x138.jpg\" alt=\"\" class=\"wp-image-215\" style=\"width:216px;height:auto\" srcset=\"https:\/\/www.marsavrilmai.com\/wp-content\/uploads\/2024\/04\/frcidff-300x138.jpg 300w, https:\/\/www.marsavrilmai.com\/wp-content\/uploads\/2024\/04\/frcidff.jpg 384w\" sizes=\"auto, (max-width: 300px) 100vw, 300px\" \/><\/figure>\n<\/div>\n<\/div>\n<\/div>\n","protected":false},"excerpt":{"rendered":"<p>MARS AVRIL MAI PRODUCTION \u00c0 VOS C\u00d4T\u00c9S POUR METTRE EN IMAGE TOUS VOS PROJETS Vid\u00e9os promotionnelles, concerts, publicit\u00e9s, captation d&rsquo;\u00e9v\u00e8nements, institutionnel, interviews, teasers, after-movies, reportages, portraits&#8230; D\u00e9couvrez nos diff\u00e9rents services pour le Web, les R\u00e9seaux Sociaux ou la TV Une \u00e9quipe adapt\u00e9e Notre \u00e9quipe de professionnels s&rsquo;adapte \u00e0 tous vos projets vid\u00e9o ou photo et &hellip; <\/p>\n<p class=\"link-more\"><a href=\"https:\/\/www.marsavrilmai.com\/index.php\/corporate\/\" class=\"more-link\">Lire la suite de<span class=\"screen-reader-text\">\u00ab\u00a0EVENTS \/ CORPORATE \/ COMMUNICATION\u00a0\u00bb<\/span><\/a><\/p>\n","protected":false},"author":1,"featured_media":0,"parent":0,"menu_order":0,"comment_status":"closed","ping_status":"closed","template":"","meta":{"footnotes":""},"class_list":["post-71","page","type-page","status-publish","hentry"],"featured_media_urls":[],"_links":{"self":[{"href":"https:\/\/www.marsavrilmai.com\/index.php\/wp-json\/wp\/v2\/pages\/71","targetHints":{"allow":["GET"]}}],"collection":[{"href":"https:\/\/www.marsavrilmai.com\/index.php\/wp-json\/wp\/v2\/pages"}],"about":[{"href":"https:\/\/www.marsavrilmai.com\/index.php\/wp-json\/wp\/v2\/types\/page"}],"author":[{"embeddable":true,"href":"https:\/\/www.marsavrilmai.com\/index.php\/wp-json\/wp\/v2\/users\/1"}],"replies":[{"embeddable":true,"href":"https:\/\/www.marsavrilmai.com\/index.php\/wp-json\/wp\/v2\/comments?post=71"}],"version-history":[{"count":33,"href":"https:\/\/www.marsavrilmai.com\/index.php\/wp-json\/wp\/v2\/pages\/71\/revisions"}],"predecessor-version":[{"id":273,"href":"https:\/\/www.marsavrilmai.com\/index.php\/wp-json\/wp\/v2\/pages\/71\/revisions\/273"}],"wp:attachment":[{"href":"https:\/\/www.marsavrilmai.com\/index.php\/wp-json\/wp\/v2\/media?parent=71"}],"curies":[{"name":"wp","href":"https:\/\/api.w.org\/{rel}","templated":true}]}}